{"id":94,"date":"2017-03-13T11:59:24","date_gmt":"2017-03-13T10:59:24","guid":{"rendered":"http:\/\/localhost\/iv50plus\/?page_id=94"},"modified":"2017-03-13T11:59:24","modified_gmt":"2017-03-13T10:59:24","slug":"gesundheit","status":"publish","type":"page","link":"https:\/\/iv50plus.eu\/?page_id=94","title":{"rendered":"Gesundheit"},"content":{"rendered":"<p><em><strong>Eine Alternative zur Rente mit 67?:<\/strong><\/em><br \/>\nIch habe soeben beschlossen \u201eIch will nie ins Altersheim!\u201c<\/p>\n<p>Wenn ich einmal in sp\u00e4ter Zukunft alt und klapprig bin, werde ich bestimmt nicht<br \/>\nins Altersheim gehen, sondern auf ein Kreuzfahrtschiff. Die Gr\u00fcnde daf\u00fcr hat<br \/>\nmir das Gesundheitsministerium geliefert:<\/p>\n<p>\u201eDie durchschnittlichen Kosten f\u00fcr ein Altersheim betragen 200 EUR pro Tag.\u201c<br \/>\nIch habe eine Reservierung f\u00fcr das Kreuzfahrtschiff \u201eAida\u201c gepr\u00fcft und muss<br \/>\nf\u00fcr eine Langzeitreise als Rentner oder Rentnerin 135 EUR pro Tag zahlen (kein<br \/>\nWitz !!!).<\/p>\n<p>Nach Adam Riese bleiben mir dann noch 65 EUR pro Tag \u00fcbrig.<\/p>\n<p>1. Ich habe mindestens 10 freie Mahlzeiten, wenn ich in eines der<br \/>\nBordrestaurants wackele oder mir das Essen vom Room Service auf das<br \/>\nZimmer, also in die Kabine, bringen lasse.<br \/>\nDas hei\u00dft in anderen Worten, ich kann jeden Tag der Woche mein Fr\u00fchst\u00fcck<br \/>\nim Bett einnehmen.<\/p>\n<p>2. Die \u201eAida\u201c hat drei Swimmingpools, einen Fitnessraum, freie<br \/>\nBenutzung von Waschmaschine und Trockner und sogar jeden Abend Shows.<\/p>\n<p>3. Es gibt auf dem Schiff kostenlos Zahnpasta, Rasierer, Seife und<br \/>\nShampoo.<\/p>\n<p>4. Das Personal behandelt mich wie einen Kunden, nicht wie einen<br \/>\nPatienten. F\u00fcr 15,00 \u20ac Trinkgeld extra pro Tag lesen mir die Stewards jeden<br \/>\nWunsch von den Augen ab.<\/p>\n<p>5. Alle 8 bis 14 Tage lerne ich neue Leute kennen.<\/p>\n<p>6. Fernseher defekt ? Gl\u00fchbirne kaputt ? Die Bettmatratze ist zu hart<br \/>\noder zu weich ?<br \/>\nKein Problem, das Personal wechselt es kostenlos und bedankt sich f\u00fcr mein<br \/>\nVerst\u00e4ndnis.<\/p>\n<p>7. Frische Bettw\u00e4sche und Handt\u00fccher jeden Tag sind selbstverst\u00e4ndlich<br \/>\nund ich muss nicht einmal danach fragen.<\/p>\n<p>8. Wenn ich im Altersheim falle und mir eine Rippe breche, dann komme<br \/>\nich ins Krankenhaus und muss gem\u00e4\u00df der neuen Krankenkassenreform t\u00e4glich<br \/>\ndick draufzahlen.<br \/>\nAuf der \u201eAida\u201c bekomme ich f\u00fcr den Rest der Reise eine Suite und werde vom<br \/>\nBordarzt kostenlos behandelt.<\/p>\n<p>9. Ich habe noch von keinem Fall geh\u00f6rt, bei dem zahlende Passagiere<br \/>\neines Kreuzfahrtschiffes vom Personal bedr\u00e4ngt oder gar misshandelt worden<br \/>\nw\u00e4ren. Auf Pflegeheime trifft das nicht im gleichen Umfang zu.<\/p>\n<p><strong>Nun das Beste.<\/strong><br \/>\nMit der \u201eAida\u201c kann ich nach S\u00fcdamerika, Afrika, Australien, Japan, Asien\u2026<br \/>\nwohin auch immer ich will.<\/p>\n<p>Darum sucht mich in Zukunft nicht im Altersheim, sondern \u201ejust call shore to<br \/>\nship\u201c.<\/p>\n<p>Auf der \u201eAida\u201c spare ich jeden Tag 50 EUR und muss nicht einmal mehr f\u00fcr<br \/>\nmeine Beerdigung ansparen. Mein letzter Wunsch ist dann nur: werft mich einfach<br \/>\n\u00fcber die Reling. Das ist n\u00e4mlich auch kostenlos.<\/p>\n<p>PS.: Falls der ein oder andere schlaue Rechner bzw. die eine oder andere schlaue<br \/>\nRechnerin mit von der Partie sind, besetzen wir einfach den ganzen Kutter.<\/p>\n","protected":false},"excerpt":{"rendered":"<p>Eine Alternative zur Rente mit 67?: Ich habe soeben beschlossen \u201eIch will nie ins Altersheim!\u201c Wenn ich einmal in sp\u00e4ter Zukunft alt und klapprig bin, werde ich bestimmt nicht ins Altersheim gehen, sondern auf ein Kreuzfahrtschiff. Die Gr\u00fcnde daf\u00fcr hat mir das Gesundheitsministerium geliefert: \u201eDie durchschnittlichen Kosten f\u00fcr ein Altersheim betragen 200 EUR pro Tag.\u201c [&hellip;]<\/p>\n","protected":false},"author":1,"featured_media":0,"parent":0,"menu_order":0,"comment_status":"closed","ping_status":"closed","template":"","meta":[],"_links":{"self":[{"href":"https:\/\/iv50plus.eu\/index.php?rest_route=\/wp\/v2\/pages\/94"}],"collection":[{"href":"https:\/\/iv50plus.eu\/index.php?rest_route=\/wp\/v2\/pages"}],"about":[{"href":"https:\/\/iv50plus.eu\/index.php?rest_route=\/wp\/v2\/types\/page"}],"author":[{"embeddable":true,"href":"https:\/\/iv50plus.eu\/index.php?rest_route=\/wp\/v2\/users\/1"}],"replies":[{"embeddable":true,"href":"https:\/\/iv50plus.eu\/index.php?rest_route=%2Fwp%2Fv2%2Fcomments&post=94"}],"version-history":[{"count":0,"href":"https:\/\/iv50plus.eu\/index.php?rest_route=\/wp\/v2\/pages\/94\/revisions"}],"wp:attachment":[{"href":"https:\/\/iv50plus.eu\/index.php?rest_route=%2Fwp%2Fv2%2Fmedia&parent=94"}],"curies":[{"name":"wp","href":"https:\/\/api.w.org\/{rel}","templated":true}]}}