{"id":690,"date":"2017-03-13T12:41:15","date_gmt":"2017-03-13T11:41:15","guid":{"rendered":"http:\/\/localhost\/iv50plus\/?page_id=154"},"modified":"2017-03-13T12:41:15","modified_gmt":"2017-03-13T11:41:15","slug":"datenschutz","status":"publish","type":"page","link":"https:\/\/iv50plus.eu\/?page_id=690","title":{"rendered":"Datenschutz"},"content":{"rendered":"<p><strong>ALLGEMEINES ZUM DATENSCHUTZ<\/strong><\/p>\n<p>Daten sind die Grundlage f\u00fcr uns, einen ausgezeichneten Service zu leisten. Unser wichtigstes Kapital ist aber das Vertrauen unserer Kunden. Die Kundendaten zu sch\u00fctzen und sie nur so zu nutzen, wie es unsere Kunden von uns erwarten, hat f\u00fcr uns h\u00f6chste Priorit\u00e4t. Deshalb ist das Einhalten der gesetzlichen Bestimmungen zum Datenschutz f\u00fcr uns selbstverst\u00e4ndlich. Ferner ist es uns wichtig, dass Sie jederzeit wissen, wann wir welche Daten speichern und wie wir sie verwenden.<\/p>\n<p><strong>DATENERHEBUNG<\/strong><\/p>\n<p>Ihr Besuch unserer Webseiten wird protokolliert. Erfasst werden im Wesentlichen die aktuell von Ihrem PC verwendete IP-Adresse, Datum und Uhrzeit, der Browsertyp und das Betriebssystem Ihres PC sowie die von Ihnen betrachteten Seiten. Ein Personenbezug ist uns im Regelfall nicht m\u00f6glich und auch nicht beabsichtigt. Diese Daten werden nur f\u00fcr Zwecke der Datensicherheit und zur Optimierung unseres Webangebots erhoben. Eine sonstige Auswertung der Daten, au\u00dfer f\u00fcr statistische Zwecke und dann grunds\u00e4tzlich in anonymisierter Form, erfolgt nicht. Es werden auch keine personenbezogenen Surfprofile oder \u00e4hnliches erstellt oder verarbeitet.<br \/>\nDar\u00fcber hinaus werden pers\u00f6nliche Daten nur dann gespeichert, wenn Sie uns diese von sich aus angeben, z.B. im Rahmen einer Registrierung, einer Umfrage, eines Preisausschreibens, einer Onlinebewerbung oder zur Durchf\u00fchrung eines Vertrags. Sie werden in den jeweiligen Eingabe- und Kontaktformularen \u00fcber die Zwecke der Erhebung der dort erhobenen Daten informiert. Solche Daten werden \u00fcber das Internet verschl\u00fcsselt \u00fcbertragen.<br \/>\nWir erm\u00f6glichen Ihnen die pseudonyme Nutzung des Internets sowie bestimmter Dienste, indem wir Ihren Namen z.B. durch ein Kennzeichen (einen von Ihnen gew\u00e4hlte Nicknamen bzw. die IP-Adresse) ersetzen.<\/p>\n<p><strong>DATENVERWENDUNG UND -WEITERGABE<\/strong><\/p>\n<p>Die personenbezogenen Daten, die Sie uns \u00fcber eine Webseite oder per E-Mail mitteilen (z.B. Ihr Name und Ihre Adresse oder Ihre E-Mail-Adresse), werden nur zur Korrespondenz mit Ihnen und nur f\u00fcr den Zweck verarbeitet, zu dem Sie uns die Daten zur Verf\u00fcgung gestellt haben. Dar\u00fcber hinaus werden wir diese Daten f\u00fcr gelegentliche Angebote an Sie nutzen, um Sie \u00fcber neue Produkte oder Dienstleistungen und andere Sie evtl. interessierende Leistungen zu informieren. Sie sind selbstverst\u00e4ndlich berechtigt, jederzeit dieser Nutzung Ihrer Daten gegen\u00fcber uns zu widersprechen. Die auf dieser Website gesammelten Informationen werden an die zust\u00e4ndige Einheit innerhalb unseres Unternehmens weitergeleitet. Wir versichern, dass wir Ihre personenbezogenen Daten dar\u00fcber hinaus nicht an Dritte weitergeben, es sei denn, dass wir dazu gesetzlich verpflichtet w\u00e4ren oder Sie uns vorher Ihre Zustimmung gegeben haben. Soweit wir zur Durchf\u00fchrung und Abwicklung von Verarbeitungsprozessen Dienstleister in Anspruch nehmen, werden die Vertragsverh\u00e4ltnisse nach den Bestimmungen des Bundesdatenschutzgesetzes geregelt.<br \/>\nWir beauftragen andere Unternehmen und Einzelpersonen mit der Erf\u00fcllung von Aufgaben f\u00fcr uns. Beispiele sind u.a. Paketlieferung, Sendung von Briefen oder E-Mails, die Pflege unserer Kundenlisten, die Analyse unserer Datenbanken, Werbema\u00dfnahmen, Abwicklung von Zahlungen (Kreditkarte, Lastschriftverfahren und Rechnungskauf) sowie Kundenservice. Diese Dienstleister haben Zugang zu pers\u00f6nlichen Informationen, die zur Erf\u00fcllung ihrer Aufgaben ben\u00f6tigt werden. Sie d\u00fcrfen diese jedoch nicht zu anderen Zwecken verwenden. Dar\u00fcber hinaus sind sie verpflichtet, die Informationen gem\u00e4\u00df dieser Datenschutzerkl\u00e4rung sowie den deutschen Datenschutzgesetzen zu behandeln.<\/p>\n<p><strong>EINWILLIGUNG UND WIEDERRUF<\/strong><\/p>\n<p>Wenn Sie uns personenbezogene Daten \u00fcberlassen haben, k\u00f6nnen Sie diese jederzeit wieder l\u00f6schen. Daten f\u00fcr Abrechnungs- und buchhalterische Zwecke sind von einer K\u00fcndigung\/einem Widerruf bzw. von einer L\u00f6schung nicht ber\u00fchrt. Im \u00dcbrigen bedarf die Verwendung Ihrer E-Mail-Adresse, Ihrer Telefon- und\/oder Mobilfunknummer und Ihrer Faxnummer zum Zweck der Werbung oder der Markt- oder Meinungsforschung einer gesonderten Einwilligung. Diese Einwilligung k\u00f6nnen Sie elektronisch bei der Eingabe Ihrer Daten abgeben und jederzeit f\u00fcr die Zukunft widerrufen. Einen Widerspruch oder Widerruf k\u00f6nnen Sie uns per Mail an unseren Datenschutzbeauftragten <a href=\"mailto:Dietmar.Miegel@consulting-agentur.com\">Dietmar.Miegel@consulting-agentur.com<\/a> \u00fcbermitteln.<\/p>\n<p><strong>SPEICHERDAUER<\/strong><\/p>\n<p>Personenbezogene Daten, die uns \u00fcber unsere Website mitgeteilt worden sind, werden nur so lange gespeichert, bis der Zweck erf\u00fcllt ist, zu dem sie uns anvertraut wurden. Soweit handels- und steuerrechtliche Aufbewahrungsfristen zu beachten sind, kann die Speicherdauer zu bestimmten Daten bis zu 10 Jahre betragen.<\/p>\n<p><strong>RECHTE DER BETROFFENEN<\/strong><\/p>\n<p>Sollten Sie mit der Speicherung Ihrer personenbezogenen Daten nicht mehr einverstanden oder diese unrichtig geworden sein, werden wir auf eine entsprechende Weisung hin die L\u00f6schung oder Sperrung Ihrer Daten veranlassen oder die notwendigen Korrekturen vornehmen (soweit dies nach dem geltendem Recht m\u00f6glich ist). Auf Wunsch erhalten Sie unentgeltlich Auskunft \u00fcber alle personenbezogenen Daten, die wir \u00fcber Sie gespeichert haben.<\/p>\n<p><strong>LINKS AUF ANDERE INTERNETSEITEN<\/strong><\/p>\n<p>Wir verweisen gelegentlich auf die Webseiten Dritter. Obwohl wir diese Dritten sorgf\u00e4ltig aussuchen, k\u00f6nnen wir keine Gew\u00e4hr und Haftung f\u00fcr die Richtigkeit bzw. Vollst\u00e4ndigkeit der Inhalte und die Datensicherheit von Websites Dritter \u00fcbernehmen. Auch gilt diese Datenschutzerkl\u00e4rung nicht f\u00fcr verlinkte Webseiten Dritter.<\/p>\n<p><strong>SCHUTZ BESTIMMTER PERSONENGRUPPEN<\/strong><\/p>\n<p>Personen unter 18 Jahren sollten ohne Zustimmung der Eltern oder Erziehungsberechtigten keine personenbezogenen Daten an uns \u00fcbermitteln. Pers\u00f6nliche Informationen d\u00fcrfen Minderj\u00e4hrige uns nur dann zur Verf\u00fcgung stellen, wenn das ausdr\u00fcckliche Einverst\u00e4ndnis der Erziehungsberechtigten vorliegt oder die Minderj\u00e4hrigen 12 Jahre oder \u00e4lter sind. Diese Daten werden anschlie\u00dfend entsprechend dieser Datenschutzerkl\u00e4rung verarbeitet. Bevor Sie Ihre Zustimmung erteilen, weisen Sie Ihr Kind auf die Gefahren hin, die sich aus einer Kommunikation mit Fremden und der Freigabe von pers\u00f6nlichen Informationen im Onlinebetrieb ergeben k\u00f6nnen.<\/p>\n<p><strong>AKTUALISIERUNG DIESER DATENSCHUTZERKL\u00c4RUNG<\/strong><\/p>\n<p>Soweit wir neue Produkte oder Dienstleistungen einf\u00fchren, Internet-Verfahren \u00e4ndern oder wenn sich die Internet- und EDV-Sicherheitstechnik weiterentwickelt, ist die \u201eDatenschutzerkl\u00e4rung\u201c zu aktualisieren. Wir behalten uns deshalb das Recht vor, die Erkl\u00e4rung nach Bedarf zu \u00e4ndern oder zu erg\u00e4nzen. Die \u00c4nderung werden wir an dieser Stelle ver\u00f6ffentlichen. Daher sollten Sie diese Website regelm\u00e4\u00dfig aufrufen, um sich \u00fcber den aktuellen Stand der Datenschutzerkl\u00e4rung zu informieren.<\/p>\n<p><strong>HAFTUNG<\/strong><\/p>\n<p>Alle auf dieser Website enthaltenen Informationen wurden mit gro\u00dfer Sorgfalt gepr\u00fcft. Wir \u00fcbernehmen jedoch keine Gew\u00e4hr daf\u00fcr, dass die Inhalte unserer eigenen Webseiten jederzeit korrekt, vollst\u00e4ndig und auf dem neuesten Stand sind.<\/p>\n<p><strong>\u00dcBERTRAGUNGSMETHODE<\/strong><\/p>\n<p>Allgemein gilt das Internet als unsicheres Medium. Im Vergleich z.B. zur Telefonleitung kann eine \u00dcbermittlung von Daten im Internet durch unberechtigte Dritte leichter abgeh\u00f6rt, aufgezeichnet oder sogar ver\u00e4ndert werden. Um die Vertraulichkeit der Kommunikation mit Ihnen zu gew\u00e4hrleisten, setzen wir eine so genannte SSL-Verschl\u00fcsselung ein. Nach dem aktuellen Wissensstand ist die damit m\u00f6gliche Verschl\u00fcsselung von 128 Bit als sicher anzusehen. Dieses Sicherheitsniveau erreichen alle Browser der j\u00fcngeren Generation. Gegebenenfalls sollten Sie den Browser auf ihrem PC aktualisieren.<\/p>\n<p><strong>\u00dcBERWACHUNGS- UND MONITORINGSMASSNAHMEN<\/strong><\/p>\n<p>Ein Firewall-System verhindert den Zugang von au\u00dfen. Mehrere Ebenen von Verschl\u00fcsselung und Identifizierung schlie\u00dfen unautorisierte Abfragen oder das Abfangen von Kundendaten bei der \u00dcbertragung aus. Neben den internen Verschl\u00fcsselungsverfahren der Internet-Browser benutzen wir noch st\u00e4rkere Verschl\u00fcsselungsverfahren, um eine Dekodierung durch dazu nicht erm\u00e4chtigte Personen auszuschlie\u00dfen. Bei jedem Zugriff auf eine Seite aus unserem Internetangebot werden sowohl die IP-Adresse Ihres anfordernden Rechners und Ihres Internet-Service-Providers, Datum, Dauer und Uhrzeit des Zugriffs sowie der Name der abgerufenen Datei nebst Datenvolumen in einer Protokolldatei gespeichert.<\/p>\n<p><strong>TECHNIKEN ZUM BETRIEB DER ONLINE-SEITEN<\/strong><\/p>\n<p>Cookies sind kleine Textdateien, die auf dem PC des Internet-Nutzers abgelegt werden. Sie dienen der Steuerung der Internet-Verbindung w\u00e4hrend Ihres Besuchs auf unseren Webseiten. Gleichzeitig erhalten wir \u00fcber diese Cookies Informationen, die es uns erm\u00f6glichen, unsere Webseiten auf die Bed\u00fcrfnisse der Besucher zu optimieren. Wir verwenden Cookies zum Teil nur f\u00fcr die Dauer des Aufenthalts auf der Webseite. Von unserem eingeschalteten Anzeigen-Management-Dienstleister werden aber zum Teil auch Cookies mit l\u00e4ngerer Speicherdauer eingesetzt. Sie dienen ausschlie\u00dflich der Analyse der Webseitenverwendung. S\u00e4mtliche Cookies auf unseren Webseiten beinhalten rein technische Informationen, keine pers\u00f6nlichen Daten. Eine Nutzung unserer Angebote ist auch ohne Cookies m\u00f6glich. Die meisten Browser sind so eingestellt, dass sie Cookies automatisch akzeptieren. Sie k\u00f6nnen das Speichern von Cookies jedoch deaktivieren oder Ihren Browser so einstellen, dass er Sie benachrichtigt, sobald Cookies gesendet werden.<\/p>\n<p><strong>INTERNE SICHERHEITSMASSNAHMEN<\/strong><\/p>\n<p>Wir gew\u00e4hrleisten die Vertraulichkeit und Sicherheit Ihrer personenbezogenen Daten dadurch, dass<br \/>\na. wir Ihre pers\u00f6nlichen Daten, soweit Sie uns diese \u00fcber unsere Website oder im Rahmen der E Mail-Kommunikation mitteilen, nur zur Erf\u00fcllung Ihres Wunschs oder Anliegens verwenden,<br \/>\nb. unsere Mitarbeiterinnen und Mitarbeiter Verschwiegenheitspflichten zu wahren haben,<br \/>\nc. unsere Sicherheitsvorkehrungen in angemessenem Umfang dem aktuellen Stand der Technik entsprechen,<br \/>\nd. unsere Systeme regelm\u00e4\u00dfig auf Sicherheit \u00fcberpr\u00fcft werden, damit wir nachhaltig vor etwaigen Sch\u00e4digungen, Verlusten und Zugriffen auf bei uns vorgehaltene Daten sch\u00fctzen k\u00f6nnen,<br \/>\ne. und f\u00fcr die Beachtung der \u201eDatenschutzerkl\u00e4rung\u201c der betriebliche Datenschutzbeauftragte sorgt<\/p>\n<p><strong>HINWEISE ZUR VERBESSERUNG DER PERS\u00d6NLICHEN DATENSICHERHEIT<\/strong><\/p>\n<ol>\n<li>Sie k\u00f6nnen Ihren Browser so konfigurieren, dass Sie informiert werden, sobald Cookies gesetzt werden sollen, um diese gegebenenfalls generell oder bezogen auf jeden Einzelfall anzunehmen oder generell abzulehnen. N\u00e4here Informationen zur Konfiguration Ihres Browsers finden Sie auf den jeweiligen Internetseiten der Browser-Hersteller.<br \/>\nb. Eine sichere Internetverbindung k\u00f6nnen Sie u.a. an der Adresse erkennen. Wenn diese mit https beginnt, so ist dies ein Zeichen f\u00fcr eine sichere Verbindung (z.B. <a href=\"https:\/\/%E2%80%A6.de\">https:\/\/\u2026.de<\/a>). Ein weiteres Merkmal ist das geschlossene Schloss in der unteren Icon-Leiste Ihres Browsers.<br \/>\nc. Wir werden von Ihnen niemals vertrauliche Daten wie Ihre Konto-\/Kundenummer, Ihre Geheimzahl oder Ihr Passwort per E-Mail, telefonisch oder per SMS abfragen oder um R\u00fccksendung oder Angabe dieser Daten bzw. um eine direkte Eingabe von Zugangsdaten bitten.<br \/>\nd. Installieren Sie nur Programme, die Sie aus einer vertrauensw\u00fcrdigen Quelle bekommen haben. Insbesondere beim Download von Programmen aus dem Internet ist h\u00f6chste Vorsicht geboten.<br \/>\ne. Installieren und starten Sie keine Programme, die Sie von Unbekannten oder ungefragt von Bekannten per E-Mail erhalten haben. Vorsicht: Auch Bildschirmschoner sind Programme.<br \/>\nf. Sofern auch nur geringe Zweifel an der Vertrauensw\u00fcrdigkeit von Programmen bestehen, sollten Sie auf eine Installation auf Ihrem Rechner verzichten.<br \/>\ng. Installieren Sie einen Virenscanner auf Ihrem Rechner und lassen Sie ihn regelm\u00e4\u00dfig alle Dateien auf Viren \u00fcberpr\u00fcfen. Achten Sie darauf, dass Sie st\u00e4ndig die neuesten Updates, die alle f\u00fchrenden Hersteller von Virenscannern zur Verf\u00fcgung stellen, einspielen.<\/li>\n<\/ol>\n<p><strong>ANGABEN ZUM DATENSCHUTZBEAUFTRAGTEN<\/strong><\/p>\n<p>Sollten Sie mit den hier dargestellten Ma\u00dfnahmen zum Datenschutz nicht zufrieden sein oder haben Sie noch Fragen betreffend der Erhebung, Verarbeitung und\/oder Nutzung Ihrer personenbezogenen Daten, so w\u00fcrden wir uns freuen, von Ihnen zu h\u00f6ren. Wir werden uns bem\u00fchen, Ihre Fragen so rasch wie m\u00f6glich zu beantworten und Ihre Anregungen umzusetzen. Bitte wenden Sie sich per Mail an unseren Datenschutzbeauftragten <a href=\"mailto:Dietmar.Miegel@consulting-agentur.com\">Dietmar.Miegel@consulting-agentur.com<\/a><\/p>\n<p>Ebenso k\u00f6nnen Sie das \u00f6ffentliche Verfahrensverzeichnis zur Einsicht bei unserem Datenschutzbeauftragten abrufen.<\/p>\n<p>Unsere allgemeine Datenbank ist Datenschutztechnisch sicher, da ich diese durch den externer Datenschutzbeauftragter gem\u00e4\u00df BDSG \u00fcberwacht wird.<\/p>\n<p>&nbsp;<\/p>\n<p><strong>Datenschutzbeauftragter:<\/strong><\/p>\n<p>Dietmar Miegel<br \/>\nRosenstra\u00dfe 14<br \/>\n86899 Landsberg am Lech<\/p>\n<p><a href=\"https:\/\/iv50plus.eu\/wp-content\/uploads\/2017\/03\/DSB-Nachweis-D.Miegel.pdf\"><br \/>\nDSB Nachweis D.Miegel<\/a><\/p>\n","protected":false},"excerpt":{"rendered":"<p>ALLGEMEINES ZUM DATENSCHUTZ Daten sind die Grundlage f\u00fcr uns, einen ausgezeichneten Service zu leisten. Unser wichtigstes Kapital ist aber das Vertrauen unserer Kunden. Die Kundendaten zu sch\u00fctzen und sie nur so zu nutzen, wie es unsere Kunden von uns erwarten, hat f\u00fcr uns h\u00f6chste Priorit\u00e4t. Deshalb ist das Einhalten der gesetzlichen Bestimmungen zum Datenschutz f\u00fcr [&hellip;]<\/p>\n","protected":false},"author":1,"featured_media":0,"parent":0,"menu_order":0,"comment_status":"closed","ping_status":"closed","template":"","meta":[],"_links":{"self":[{"href":"https:\/\/iv50plus.eu\/index.php?rest_route=\/wp\/v2\/pages\/690"}],"collection":[{"href":"https:\/\/iv50plus.eu\/index.php?rest_route=\/wp\/v2\/pages"}],"about":[{"href":"https:\/\/iv50plus.eu\/index.php?rest_route=\/wp\/v2\/types\/page"}],"author":[{"embeddable":true,"href":"https:\/\/iv50plus.eu\/index.php?rest_route=\/wp\/v2\/users\/1"}],"replies":[{"embeddable":true,"href":"https:\/\/iv50plus.eu\/index.php?rest_route=%2Fwp%2Fv2%2Fcomments&post=690"}],"version-history":[{"count":0,"href":"https:\/\/iv50plus.eu\/index.php?rest_route=\/wp\/v2\/pages\/690\/revisions"}],"wp:attachment":[{"href":"https:\/\/iv50plus.eu\/index.php?rest_route=%2Fwp%2Fv2%2Fmedia&parent=690"}],"curies":[{"name":"wp","href":"https:\/\/api.w.org\/{rel}","templated":true}]}}