{"id":689,"date":"2017-03-13T12:41:10","date_gmt":"2017-03-13T11:41:10","guid":{"rendered":"http:\/\/localhost\/iv50plus\/?page_id=152"},"modified":"2017-03-13T12:41:10","modified_gmt":"2017-03-13T11:41:10","slug":"impressum","status":"publish","type":"page","link":"https:\/\/iv50plus.eu\/?page_id=689","title":{"rendered":"Impressum"},"content":{"rendered":"<p><strong>Interessenvertretung 50Plus<br \/>\n<\/strong>K\u00f6nigsberger Str. 17\/2<br \/>\n69412 Eberbach<br \/>\nTel. +49 (0)6271 &#8211; 77456<br \/>\nMobil\u00a0 +49 (0) 176-63657655<br \/>\nFax +49 (0)6271 &#8211; 77455<br \/>\nCEO : Hermann-Josef Kracht<br \/>\nEmail: <a href=\"mailto:kracht@iv50plus.de\">kracht@iv50plus.de<\/a><br \/>\nHomepage: <a href=\"http:\/\/www.iv50plus.e\" target=\"_blank\" rel=\"noopener noreferrer\">www.iv50plus.de<\/a><\/p>\n<hr \/>\n<p>Verantwortlich f\u00fcr den Inhalt gem\u00e4\u00df \u00a7 6 MDStV:<br \/>\nHermann-Josef Kracht<br \/>\n<a href=\"mailto:kracht@iv50plus.de\">kracht@iv50plus.de<\/a><\/p>\n<p><strong>Haftungshinweis:<\/strong><br \/>\nTrotz sorgf\u00e4ltiger inhaltlicher Kontrolle \u00fcbernehmen wir keine Haftung f\u00fcr die Inhalte externer Links. F\u00fcr den Inhalt der verlinkten Seiten sind ausschlie\u00dflich deren Betreiber verantwortlich. Der Missbrauch dieser gesetzlich vorgeschriebener Angaben wird als unzul\u00e4ssiger Eingriff in den gesch\u00e4ftlichen Betrieb (\u00a7 823 Abs. 1 BGB) geahndet. Es gilt deutsches Recht.<br \/>\nSoweit Anbieter externer Websites in der Verwendung von Informationen auf dieser Website Urheber- und\/oder Wettbewerbsrechtsverst\u00f6\u00dfe sehen, bitten wir um einen kurzen Hinweis. Wir werden entsprechende Verst\u00f6\u00dfe, wenn sie tats\u00e4chlich vorliegen, unverz\u00fcglich beseitigen, ohne dass es einer Abmahnung bedarf.<br \/>\nDie Beseitigung einer m\u00f6glicherweise von dieser Homepage ausgehenden Schutzrecht-Verletzung durch Schutzrecht-Inhaber selbst, hat nicht ohne unsere Zustimmung stattzufinden.<br \/>\nS\u00e4mtliche Texte und Medien wie Grafiken oder Videos\u00a0unterliegen dem Copyright.<br \/>\nJede kommerzielle oder gewerbliche Ver\u00f6ffentlichung oder Verwendung unserer Texte und Bilder, auch auszugsweise sind nur nach vorheriger schriftlicher Genehmigung des Autors gestattet.<br \/>\nBei einer schriftlichen Genehmigung zur Ver\u00f6ffentlichung und Verwendung von Texten und Bildern hat grunds\u00e4tzlich eine Nennung des Autors und der Bezugsquelle zu erfolgen. (Quellennachweis)<\/p>\n","protected":false},"excerpt":{"rendered":"<p>Interessenvertretung 50Plus K\u00f6nigsberger Str. 17\/2 69412 Eberbach Tel. +49 (0)6271 &#8211; 77456 Mobil\u00a0 +49 (0) 176-63657655 Fax +49 (0)6271 &#8211; 77455 CEO : Hermann-Josef Kracht Email: kracht@iv50plus.de Homepage: www.iv50plus.de Verantwortlich f\u00fcr den Inhalt gem\u00e4\u00df \u00a7 6 MDStV: Hermann-Josef Kracht kracht@iv50plus.de Haftungshinweis: Trotz sorgf\u00e4ltiger inhaltlicher Kontrolle \u00fcbernehmen wir keine Haftung f\u00fcr die Inhalte externer Links. F\u00fcr [&hellip;]<\/p>\n","protected":false},"author":1,"featured_media":0,"parent":0,"menu_order":0,"comment_status":"closed","ping_status":"closed","template":"","meta":[],"_links":{"self":[{"href":"https:\/\/iv50plus.eu\/index.php?rest_route=\/wp\/v2\/pages\/689"}],"collection":[{"href":"https:\/\/iv50plus.eu\/index.php?rest_route=\/wp\/v2\/pages"}],"about":[{"href":"https:\/\/iv50plus.eu\/index.php?rest_route=\/wp\/v2\/types\/page"}],"author":[{"embeddable":true,"href":"https:\/\/iv50plus.eu\/index.php?rest_route=\/wp\/v2\/users\/1"}],"replies":[{"embeddable":true,"href":"https:\/\/iv50plus.eu\/index.php?rest_route=%2Fwp%2Fv2%2Fcomments&post=689"}],"version-history":[{"count":0,"href":"https:\/\/iv50plus.eu\/index.php?rest_route=\/wp\/v2\/pages\/689\/revisions"}],"wp:attachment":[{"href":"https:\/\/iv50plus.eu\/index.php?rest_route=%2Fwp%2Fv2%2Fmedia&parent=689"}],"curies":[{"name":"wp","href":"https:\/\/api.w.org\/{rel}","templated":true}]}}