{"id":255,"date":"2017-03-15T20:24:58","date_gmt":"2017-03-15T19:24:58","guid":{"rendered":"http:\/\/www.raphael-pohlers.de\/iv50plus\/?page_id=255"},"modified":"2017-03-15T20:24:58","modified_gmt":"2017-03-15T19:24:58","slug":"jetzt-mitglied-werden","status":"publish","type":"page","link":"https:\/\/iv50plus.eu\/?page_id=255","title":{"rendered":"Jetzt Mitglied werden!"},"content":{"rendered":"<p>Es ist wichtig, dass die Menschen \u00fcber 50 Jahre eine Stimme bekommen.<\/p>\n<p>Wir werden uns in allen Bereichen unserer Gesellschaft f\u00fcr deren Anliegen einsetzen. Das Miteinander z\u00e4hlt.<\/p>\n<p>Unterst\u00fctzen sie uns &#8211; denn nur gemeinsam sind wir stark und freuen uns auf sie . . .<\/p>\n<p>&nbsp;<\/p>\n<p><span style=\"color: #ff0000;\">Jede Stimme ist wichtig.<\/span><\/p>\n","protected":false},"excerpt":{"rendered":"<p>Es ist wichtig, dass die Menschen \u00fcber 50 Jahre eine Stimme bekommen. Wir werden uns in allen Bereichen unserer Gesellschaft f\u00fcr deren Anliegen einsetzen. Das Miteinander z\u00e4hlt. Unterst\u00fctzen sie uns &#8211; denn nur gemeinsam sind wir stark und freuen uns auf sie . . . &nbsp; Jede Stimme ist wichtig.<\/p>\n","protected":false},"author":1,"featured_media":0,"parent":0,"menu_order":0,"comment_status":"closed","ping_status":"closed","template":"","meta":[],"_links":{"self":[{"href":"https:\/\/iv50plus.eu\/index.php?rest_route=\/wp\/v2\/pages\/255"}],"collection":[{"href":"https:\/\/iv50plus.eu\/index.php?rest_route=\/wp\/v2\/pages"}],"about":[{"href":"https:\/\/iv50plus.eu\/index.php?rest_route=\/wp\/v2\/types\/page"}],"author":[{"embeddable":true,"href":"https:\/\/iv50plus.eu\/index.php?rest_route=\/wp\/v2\/users\/1"}],"replies":[{"embeddable":true,"href":"https:\/\/iv50plus.eu\/index.php?rest_route=%2Fwp%2Fv2%2Fcomments&post=255"}],"version-history":[{"count":0,"href":"https:\/\/iv50plus.eu\/index.php?rest_route=\/wp\/v2\/pages\/255\/revisions"}],"wp:attachment":[{"href":"https:\/\/iv50plus.eu\/index.php?rest_route=%2Fwp%2Fv2%2Fmedia&parent=255"}],"curies":[{"name":"wp","href":"https:\/\/api.w.org\/{rel}","templated":true}]}}