{"id":19,"date":"2017-03-13T11:42:52","date_gmt":"2017-03-13T10:42:52","guid":{"rendered":"http:\/\/localhost\/iv50plus\/?page_id=19"},"modified":"2017-03-13T11:42:52","modified_gmt":"2017-03-13T10:42:52","slug":"presse","status":"publish","type":"page","link":"https:\/\/iv50plus.eu\/?page_id=19","title":{"rendered":"Vorteile"},"content":{"rendered":"<p>Als F\u00f6rdermitglied unserer Interessenvertretung 50Plus e.V. k\u00f6nnen Sie die nachfolgend aufzeigten Vorteile in Anspruch nehmen.<\/p>\n<p>Die aufgezeigten Vorteile sind nur ein Teil aller m\u00f6glichen Vorteile.<\/p>\n<p><strong>Wir freuen uns auf jedes weitere F\u00f6rdermitglied!<\/strong><\/p>\n<p>Wenn Sie Fragen dazu haben, steht Ihnen unser Vorstandsvorsitzender Hermann-Josef Kracht unter 0176-63657655 zur Verf\u00fcgung.<\/p>\n<p>&nbsp;<\/p>\n","protected":false},"excerpt":{"rendered":"<p>Als F\u00f6rdermitglied unserer Interessenvertretung 50Plus e.V. k\u00f6nnen Sie die nachfolgend aufzeigten Vorteile in Anspruch nehmen. Die aufgezeigten Vorteile sind nur ein Teil aller m\u00f6glichen Vorteile. Wir freuen uns auf jedes weitere F\u00f6rdermitglied! Wenn Sie Fragen dazu haben, steht Ihnen unser Vorstandsvorsitzender Hermann-Josef Kracht unter 0176-63657655 zur Verf\u00fcgung. &nbsp;<\/p>\n","protected":false},"author":1,"featured_media":0,"parent":0,"menu_order":0,"comment_status":"closed","ping_status":"closed","template":"","meta":[],"_links":{"self":[{"href":"https:\/\/iv50plus.eu\/index.php?rest_route=\/wp\/v2\/pages\/19"}],"collection":[{"href":"https:\/\/iv50plus.eu\/index.php?rest_route=\/wp\/v2\/pages"}],"about":[{"href":"https:\/\/iv50plus.eu\/index.php?rest_route=\/wp\/v2\/types\/page"}],"author":[{"embeddable":true,"href":"https:\/\/iv50plus.eu\/index.php?rest_route=\/wp\/v2\/users\/1"}],"replies":[{"embeddable":true,"href":"https:\/\/iv50plus.eu\/index.php?rest_route=%2Fwp%2Fv2%2Fcomments&post=19"}],"version-history":[{"count":0,"href":"https:\/\/iv50plus.eu\/index.php?rest_route=\/wp\/v2\/pages\/19\/revisions"}],"wp:attachment":[{"href":"https:\/\/iv50plus.eu\/index.php?rest_route=%2Fwp%2Fv2%2Fmedia&parent=19"}],"curies":[{"name":"wp","href":"https:\/\/api.w.org\/{rel}","templated":true}]}}