{"id":15,"date":"2017-03-13T11:42:38","date_gmt":"2017-03-13T10:42:38","guid":{"rendered":"http:\/\/localhost\/iv50plus\/?page_id=15"},"modified":"2017-03-13T11:42:38","modified_gmt":"2017-03-13T10:42:38","slug":"termine","status":"publish","type":"page","link":"https:\/\/iv50plus.eu\/?page_id=15","title":{"rendered":"Termine"},"content":{"rendered":"<p>Unter den nachfolgenden Registern, werden unsere Veranstaltungen an denen wir teilnehmen oder die wir selber durchf\u00fchren, aufgef\u00fchrt.<\/p>\n<p><strong>Wir w\u00fcrden uns sehr freuen, Sie bei einer diesen Veranstaltungen pers\u00f6nlich begr\u00fc\u00dfen zu k\u00f6nnen.<\/strong><\/p>\n<p>&nbsp;<\/p>\n","protected":false},"excerpt":{"rendered":"<p>Unter den nachfolgenden Registern, werden unsere Veranstaltungen an denen wir teilnehmen oder die wir selber durchf\u00fchren, aufgef\u00fchrt. Wir w\u00fcrden uns sehr freuen, Sie bei einer diesen Veranstaltungen pers\u00f6nlich begr\u00fc\u00dfen zu k\u00f6nnen. &nbsp;<\/p>\n","protected":false},"author":1,"featured_media":0,"parent":0,"menu_order":0,"comment_status":"closed","ping_status":"closed","template":"","meta":[],"_links":{"self":[{"href":"https:\/\/iv50plus.eu\/index.php?rest_route=\/wp\/v2\/pages\/15"}],"collection":[{"href":"https:\/\/iv50plus.eu\/index.php?rest_route=\/wp\/v2\/pages"}],"about":[{"href":"https:\/\/iv50plus.eu\/index.php?rest_route=\/wp\/v2\/types\/page"}],"author":[{"embeddable":true,"href":"https:\/\/iv50plus.eu\/index.php?rest_route=\/wp\/v2\/users\/1"}],"replies":[{"embeddable":true,"href":"https:\/\/iv50plus.eu\/index.php?rest_route=%2Fwp%2Fv2%2Fcomments&post=15"}],"version-history":[{"count":0,"href":"https:\/\/iv50plus.eu\/index.php?rest_route=\/wp\/v2\/pages\/15\/revisions"}],"wp:attachment":[{"href":"https:\/\/iv50plus.eu\/index.php?rest_route=%2Fwp%2Fv2%2Fmedia&parent=15"}],"curies":[{"name":"wp","href":"https:\/\/api.w.org\/{rel}","templated":true}]}}