{"id":124,"date":"2017-03-13T12:06:15","date_gmt":"2017-03-13T11:06:15","guid":{"rendered":"http:\/\/localhost\/iv50plus\/?page_id=124"},"modified":"2017-03-13T12:06:15","modified_gmt":"2017-03-13T11:06:15","slug":"presseartikel","status":"publish","type":"page","link":"https:\/\/iv50plus.eu\/?page_id=124","title":{"rendered":"F\u00f6rdermitgliedschaften f\u00fcr privat Personen"},"content":{"rendered":"<p><strong>F\u00f6rdermitgliedschaft Basis &#8211; kostenfrei<\/strong><\/p>\n<p><strong>F\u00f6rdermitgliedschaft Premium &#8211; j\u00e4hrlicher Beitrag von Euro 30,00<\/strong><\/p>\n<p>&nbsp;<\/p>\n","protected":false},"excerpt":{"rendered":"<p>F\u00f6rdermitgliedschaft Basis &#8211; kostenfrei F\u00f6rdermitgliedschaft Premium &#8211; j\u00e4hrlicher Beitrag von Euro 30,00 &nbsp;<\/p>\n","protected":false},"author":1,"featured_media":0,"parent":0,"menu_order":0,"comment_status":"closed","ping_status":"closed","template":"","meta":[],"_links":{"self":[{"href":"https:\/\/iv50plus.eu\/index.php?rest_route=\/wp\/v2\/pages\/124"}],"collection":[{"href":"https:\/\/iv50plus.eu\/index.php?rest_route=\/wp\/v2\/pages"}],"about":[{"href":"https:\/\/iv50plus.eu\/index.php?rest_route=\/wp\/v2\/types\/page"}],"author":[{"embeddable":true,"href":"https:\/\/iv50plus.eu\/index.php?rest_route=\/wp\/v2\/users\/1"}],"replies":[{"embeddable":true,"href":"https:\/\/iv50plus.eu\/index.php?rest_route=%2Fwp%2Fv2%2Fcomments&post=124"}],"version-history":[{"count":0,"href":"https:\/\/iv50plus.eu\/index.php?rest_route=\/wp\/v2\/pages\/124\/revisions"}],"wp:attachment":[{"href":"https:\/\/iv50plus.eu\/index.php?rest_route=%2Fwp%2Fv2%2Fmedia&parent=124"}],"curies":[{"name":"wp","href":"https:\/\/api.w.org\/{rel}","templated":true}]}}